{"id":225,"date":"2021-10-13T04:36:06","date_gmt":"2021-10-13T04:36:06","guid":{"rendered":"http:\/\/dev.rollingpixel.com\/?page_id=225"},"modified":"2025-09-26T10:48:03","modified_gmt":"2025-09-26T08:48:03","slug":"contact-us","status":"publish","type":"page","link":"https:\/\/lacetmontagnesports.com\/fr\/contact-us\/","title":{"rendered":"Contactez-nous"},"content":{"rendered":"<div data-elementor-type=\"wp-page\" data-elementor-id=\"225\" class=\"elementor elementor-225\" data-elementor-post-type=\"page\">\n\t\t\t\t\t\t<section class=\"elementor-section elementor-top-section elementor-element elementor-element-78d9dd0 elementor-section-boxed elementor-section-height-default elementor-section-height-default rt-parallax-bg-no\" data-id=\"78d9dd0\" data-element_type=\"section\" data-settings=\"{&quot;background_background&quot;:&quot;classic&quot;}\">\n\t\t\t\t\t\t<div class=\"elementor-container elementor-column-gap-default\">\n\t\t\t\t\t<div class=\"elementor-column elementor-col-100 elementor-top-column elementor-element elementor-element-e689a83\" data-id=\"e689a83\" data-element_type=\"column\">\n\t\t\t<div class=\"elementor-widget-wrap elementor-element-populated\">\n\t\t\t\t\t\t<div class=\"elementor-element elementor-element-f82cc74 elementor-invisible elementor-widget elementor-widget-rt-title\" data-id=\"f82cc74\" data-element_type=\"widget\" data-widget_type=\"rt-title.default\">\n\t\t\t\t<div class=\"elementor-widget-container\">\n\t\t\t\t\t<div class=\"rt-section-title style1\">\n\t<div class=\"title-holder\">\t\t\n\t\t\t\t<span class=\"sub-title hide fadeInUp\" data-wow-delay=\"1s\" data-wow-duration=\"1s\">Cela peut vous \u00eatre utile.<\/span>\n\t\t\t\t\t\t<h2 class=\"entry-title hide fadeInUp\" data-wow-delay=\"1.2s\" data-wow-duration=\"1s\">Contact Information\t\t\t<span class=\"titledot\"><\/span>\n\t\t\t<span class=\"titleline\"><\/span>\n\t\t<\/h2>\n\t\t\t<\/div>\n<\/div>\n\t\t\t\t<\/div>\n\t\t\t\t<\/div>\n\t\t\t\t\t<\/div>\n\t\t<\/div>\n\t\t\t\t\t<\/div>\n\t\t<\/section>\n\t\t\t\t<section class=\"elementor-section elementor-top-section elementor-element elementor-element-e69f475 elementor-section-stretched elementor-section-boxed elementor-section-height-default elementor-section-height-default rt-parallax-bg-no\" data-id=\"e69f475\" data-element_type=\"section\" data-settings=\"{&quot;stretch_section&quot;:&quot;section-stretched&quot;}\">\n\t\t\t\t\t\t<div class=\"elementor-container elementor-column-gap-default\">\n\t\t\t\t\t<div class=\"elementor-column elementor-col-50 elementor-top-column elementor-element elementor-element-d6ccbeb\" data-id=\"d6ccbeb\" data-element_type=\"column\">\n\t\t\t<div class=\"elementor-widget-wrap elementor-element-populated\">\n\t\t\t\t\t\t<section class=\"elementor-section elementor-inner-section elementor-element elementor-element-d13ca69 elementor-section-boxed elementor-section-height-default elementor-section-height-default rt-parallax-bg-no\" data-id=\"d13ca69\" data-element_type=\"section\">\n\t\t\t\t\t\t<div class=\"elementor-container elementor-column-gap-default\">\n\t\t\t\t\t<div class=\"elementor-column elementor-col-50 elementor-inner-column elementor-element elementor-element-2c8202d\" data-id=\"2c8202d\" data-element_type=\"column\">\n\t\t\t<div class=\"elementor-widget-wrap elementor-element-populated\">\n\t\t\t\t\t\t<div class=\"elementor-element elementor-element-946958c elementor-widget elementor-widget-rt-contact-info\" data-id=\"946958c\" data-element_type=\"widget\" data-widget_type=\"rt-contact-info.default\">\n\t\t\t\t<div class=\"elementor-widget-container\">\n\t\t\t\t\t<div class=\"rt-contact-info\">\n\t<div class=\"rt-item item-icon\">\n\t\t \t\n\t\t\t\t\t<span class=\"rt-icon\"><i class=\"fas fa-phone-alt\"><\/i><\/span>\n\t\t\t\t\t\n\n\t\t<div class=\"entry-contrent\">\n\t\t\t\t\t\t\t<p class=\"entry-text\"><a href=\"tel:+33450759626\">+ 33 (0) 450 759 626<\/a><\/p>\n\t\t\t\t<\/div>\n\t<\/div>\n<\/div>\t\t\t\t<\/div>\n\t\t\t\t<\/div>\n\t\t\t\t<div class=\"elementor-element elementor-element-c850b88 elementor-widget elementor-widget-rt-contact-info\" data-id=\"c850b88\" data-element_type=\"widget\" data-widget_type=\"rt-contact-info.default\">\n\t\t\t\t<div class=\"elementor-widget-container\">\n\t\t\t\t\t<div class=\"rt-contact-info\">\n\t<div class=\"rt-item item-icon\">\n\t\t \t\n\t\t\t\t\t<span class=\"rt-icon\"><i class=\"fas fa-map-marker-alt\"><\/i><\/span>\n\t\t\t\t\t\n\n\t\t<div class=\"entry-contrent\">\n\t\t\t\t\t\t\t<p class=\"entry-text\">Ardent Carpark \u2013 74110  MONTRIOND<\/p>\n\t\t\t\t<\/div>\n\t<\/div>\n<\/div>\t\t\t\t<\/div>\n\t\t\t\t<\/div>\n\t\t\t\t\t<\/div>\n\t\t<\/div>\n\t\t\t\t<div class=\"elementor-column elementor-col-50 elementor-inner-column elementor-element elementor-element-ffb99c0\" data-id=\"ffb99c0\" data-element_type=\"column\">\n\t\t\t<div class=\"elementor-widget-wrap elementor-element-populated\">\n\t\t\t\t\t\t<div class=\"elementor-element elementor-element-9622f13 elementor-widget elementor-widget-rt-contact-info\" data-id=\"9622f13\" data-element_type=\"widget\" data-widget_type=\"rt-contact-info.default\">\n\t\t\t\t<div class=\"elementor-widget-container\">\n\t\t\t\t\t<div class=\"rt-contact-info\">\n\t<div class=\"rt-item item-icon\">\n\t\t \t\n\t\t\t\t\t<span class=\"rt-icon\"><i class=\"far fa-envelope\"><\/i><\/span>\n\t\t\t\t\t\n\n\t\t<div class=\"entry-contrent\">\n\t\t\t\t\t\t\t<p class=\"entry-text\"><a href=\"mailto:info@lacetmontagnesports.com\">info@lacetmontagnesports.com<\/a><\/p>\n\t\t\t\t<\/div>\n\t<\/div>\n<\/div>\t\t\t\t<\/div>\n\t\t\t\t<\/div>\n\t\t\t\t<div class=\"elementor-element elementor-element-c297af8 elementor-widget elementor-widget-rt-contact-info\" data-id=\"c297af8\" data-element_type=\"widget\" data-widget_type=\"rt-contact-info.default\">\n\t\t\t\t<div class=\"elementor-widget-container\">\n\t\t\t\t\t<div class=\"rt-contact-info\">\n\t<div class=\"rt-item item-icon\">\n\t\t \t\n\t\t\t\t\t<span class=\"rt-icon\"><i class=\"far fa-clock\"><\/i><\/span>\n\t\t\t\t\t\n\n\t\t<div class=\"entry-contrent\">\n\t\t\t\t\t\t\t<p class=\"entry-text\">Horaires d'ouverture<br \/>Monday-Sunday 9:00am to 6:00pm<\/p>\n\t\t\t\t<\/div>\n\t<\/div>\n<\/div>\t\t\t\t<\/div>\n\t\t\t\t<\/div>\n\t\t\t\t\t<\/div>\n\t\t<\/div>\n\t\t\t\t\t<\/div>\n\t\t<\/section>\n\t\t\t\t<div class=\"elementor-element elementor-element-767e7f0 elementor-widget elementor-widget-heading\" data-id=\"767e7f0\" data-element_type=\"widget\" data-widget_type=\"heading.default\">\n\t\t\t\t<div class=\"elementor-widget-container\">\n\t\t\t\t\t<h2 class=\"elementor-heading-title elementor-size-default\">Questions fr\u00e9quentes<\/h2>\t\t\t\t<\/div>\n\t\t\t\t<\/div>\n\t\t\t\t<div class=\"elementor-element elementor-element-3587442 elementor-widget elementor-widget-accordion\" data-id=\"3587442\" data-element_type=\"widget\" data-widget_type=\"accordion.default\">\n\t\t\t\t<div class=\"elementor-widget-container\">\n\t\t\t\t\t\t\t<div class=\"elementor-accordion\">\n\t\t\t\t\t\t\t<div class=\"elementor-accordion-item\">\n\t\t\t\t\t<div id=\"elementor-tab-title-5611\" class=\"elementor-tab-title\" data-tab=\"1\" role=\"button\" aria-controls=\"elementor-tab-content-5611\" aria-expanded=\"false\">\n\t\t\t\t\t\t\t\t\t\t\t\t\t<span class=\"elementor-accordion-icon elementor-accordion-icon-left\" aria-hidden=\"true\">\n\t\t\t\t\t\t\t\t\t\t\t\t\t\t\t<span class=\"elementor-accordion-icon-closed\"><i class=\"fas fa-plus\"><\/i><\/span>\n\t\t\t\t\t\t\t\t<span class=\"elementor-accordion-icon-opened\"><i class=\"fas fa-minus\"><\/i><\/span>\n\t\t\t\t\t\t\t\t\t\t\t\t\t\t<\/span>\n\t\t\t\t\t\t\t\t\t\t\t\t<a class=\"elementor-accordion-title\" tabindex=\"0\">Comment annuler ?<\/a>\n\t\t\t\t\t<\/div>\n\t\t\t\t\t<div id=\"elementor-tab-content-5611\" class=\"elementor-tab-content elementor-clearfix\" data-tab=\"1\" role=\"region\" aria-labelledby=\"elementor-tab-title-5611\"><p>Vous pouvez annuler jusqu\u2019\u00e0 24 h avant votre reservation appelez-nous o\u00f9 envoyez-nous un email on vous rembourse au plus vite !<\/p><\/div>\n\t\t\t\t<\/div>\n\t\t\t\t\t\t\t<div class=\"elementor-accordion-item\">\n\t\t\t\t\t<div id=\"elementor-tab-title-5612\" class=\"elementor-tab-title\" data-tab=\"2\" role=\"button\" aria-controls=\"elementor-tab-content-5612\" aria-expanded=\"false\">\n\t\t\t\t\t\t\t\t\t\t\t\t\t<span class=\"elementor-accordion-icon elementor-accordion-icon-left\" aria-hidden=\"true\">\n\t\t\t\t\t\t\t\t\t\t\t\t\t\t\t<span class=\"elementor-accordion-icon-closed\"><i class=\"fas fa-plus\"><\/i><\/span>\n\t\t\t\t\t\t\t\t<span class=\"elementor-accordion-icon-opened\"><i class=\"fas fa-minus\"><\/i><\/span>\n\t\t\t\t\t\t\t\t\t\t\t\t\t\t<\/span>\n\t\t\t\t\t\t\t\t\t\t\t\t<a class=\"elementor-accordion-title\" tabindex=\"0\">Comment r\u00e9cup\u00e9rer mon mat\u00e9riel ?<\/a>\n\t\t\t\t\t<\/div>\n\t\t\t\t\t<div id=\"elementor-tab-content-5612\" class=\"elementor-tab-content elementor-clearfix\" data-tab=\"2\" role=\"region\" aria-labelledby=\"elementor-tab-title-5612\"><div class=\"et_pb_toggle_content clearfix\"><p>Venez le r\u00e9cup\u00e9rer en magasin de 8h \u00e0 18h, 7 jours sur 7 o\u00f9 faites-vous livrer ( \u00e0 partir d\u2019un montant de 100\u20ac de panier ) en remplissant les informations de livraisons apr\u00e8s avoir coch\u00e9 la case livraison.<\/p><\/div><\/div>\n\t\t\t\t<\/div>\n\t\t\t\t\t\t\t<div class=\"elementor-accordion-item\">\n\t\t\t\t\t<div id=\"elementor-tab-title-5613\" class=\"elementor-tab-title\" data-tab=\"3\" role=\"button\" aria-controls=\"elementor-tab-content-5613\" aria-expanded=\"false\">\n\t\t\t\t\t\t\t\t\t\t\t\t\t<span class=\"elementor-accordion-icon elementor-accordion-icon-left\" aria-hidden=\"true\">\n\t\t\t\t\t\t\t\t\t\t\t\t\t\t\t<span class=\"elementor-accordion-icon-closed\"><i class=\"fas fa-plus\"><\/i><\/span>\n\t\t\t\t\t\t\t\t<span class=\"elementor-accordion-icon-opened\"><i class=\"fas fa-minus\"><\/i><\/span>\n\t\t\t\t\t\t\t\t\t\t\t\t\t\t<\/span>\n\t\t\t\t\t\t\t\t\t\t\t\t<a class=\"elementor-accordion-title\" tabindex=\"0\">Livrez-vous ?<\/a>\n\t\t\t\t\t<\/div>\n\t\t\t\t\t<div id=\"elementor-tab-content-5613\" class=\"elementor-tab-content elementor-clearfix\" data-tab=\"3\" role=\"region\" aria-labelledby=\"elementor-tab-title-5613\"><div class=\"et_pb_toggle_content clearfix\"><div class=\"et_pb_toggle_content clearfix\"><p>La livraison est gratuite \u00e0 partir de 100 \u20ac de commande.\u00a0<\/p><\/div><\/div><\/div>\n\t\t\t\t<\/div>\n\t\t\t\t\t\t\t<div class=\"elementor-accordion-item\">\n\t\t\t\t\t<div id=\"elementor-tab-title-5614\" class=\"elementor-tab-title\" data-tab=\"4\" role=\"button\" aria-controls=\"elementor-tab-content-5614\" aria-expanded=\"false\">\n\t\t\t\t\t\t\t\t\t\t\t\t\t<span class=\"elementor-accordion-icon elementor-accordion-icon-left\" aria-hidden=\"true\">\n\t\t\t\t\t\t\t\t\t\t\t\t\t\t\t<span class=\"elementor-accordion-icon-closed\"><i class=\"fas fa-plus\"><\/i><\/span>\n\t\t\t\t\t\t\t\t<span class=\"elementor-accordion-icon-opened\"><i class=\"fas fa-minus\"><\/i><\/span>\n\t\t\t\t\t\t\t\t\t\t\t\t\t\t<\/span>\n\t\t\t\t\t\t\t\t\t\t\t\t<a class=\"elementor-accordion-title\" tabindex=\"0\">Comment nous contacter ?<\/a>\n\t\t\t\t\t<\/div>\n\t\t\t\t\t<div id=\"elementor-tab-content-5614\" class=\"elementor-tab-content elementor-clearfix\" data-tab=\"4\" role=\"region\" aria-labelledby=\"elementor-tab-title-5614\"><p>Retrouvez notre numero de t\u00e9l\u00e9phone ou email en haut \u00e0 gauche de la page<\/p><\/div>\n\t\t\t\t<\/div>\n\t\t\t\t\t\t\t\t<\/div>\n\t\t\t\t\t\t<\/div>\n\t\t\t\t<\/div>\n\t\t\t\t\t<\/div>\n\t\t<\/div>\n\t\t\t\t<div class=\"elementor-column elementor-col-50 elementor-top-column elementor-element elementor-element-5d97b6d\" data-id=\"5d97b6d\" data-element_type=\"column\">\n\t\t\t<div class=\"elementor-widget-wrap elementor-element-populated\">\n\t\t\t\t\t\t<div class=\"elementor-element elementor-element-ca37243 dark-fluentform elementor-widget elementor-widget-wp-widget-fluentform_widget\" data-id=\"ca37243\" data-element_type=\"widget\" data-widget_type=\"wp-widget-fluentform_widget.default\">\n\t\t\t\t<div class=\"elementor-widget-container\">\n\t\t\t\t\t<h5>Laissez nous un message<\/h5><div class='fluentform ff-default fluentform_wrapper_1 ffs_default_wrap'><form data-form_id=\"1\" id=\"fluentform_1\" class=\"frm-fluent-form fluent_form_1 ff-el-form-top ff_form_instance_1_1 ff-form-loading ffs_default\" data-form_instance=\"ff_form_instance_1_1\" method=\"POST\" action=\"\" ><fieldset  style=\"border: none!important;margin: 0!important;padding: 0!important;background-color: transparent!important;box-shadow: none!important;outline: none!important; min-inline-size: 100%;\">\n                    <legend class=\"ff_screen_reader_title\" style=\"display: block; margin: 0!important;padding: 0!important;height: 0!important;text-indent: -999999px;width: 0!important;overflow:hidden;\">Contact Form<\/legend><input type='hidden' name='__fluent_form_embded_post_id' value='225' \/><input type=\"hidden\" id=\"_fluentform_1_fluentformnonce\" name=\"_fluentform_1_fluentformnonce\" value=\"4cc933113f\" \/><input type=\"hidden\" name=\"_wp_http_referer\" value=\"\/fr\/wp-json\/wp\/v2\/pages\/225\" \/><div data-type=\"name-element\" data-name=\"names\" class=\"ff-field_container ff-name-field-wrapper contact-form\" ><div class='ff-t-container'><div class='ff-t-cell'><div class='ff-el-group'><div class='ff-el-input--content'><input type=\"text\" name=\"names[first_name]\" id=\"ff_1_names_first_name_\" class=\"ff-el-form-control\" placeholder=\"NOM*\" aria-invalid=\"false\" aria-required=\"true\"><\/div><\/div><\/div><\/div><\/div><div class='ff-el-group contact-form'><div class='ff-el-input--content'><input type=\"email\" name=\"email\" id=\"ff_1_email\" class=\"ff-el-form-control\" placeholder=\"Email*\" data-name=\"email\"  aria-invalid=\"false\" aria-required=\"true\"><\/div><\/div><div class='ff-el-group contact-form'><div class='ff-el-input--content'><input type=\"text\" name=\"subject\" class=\"ff-el-form-control\" placeholder=\"Sujet*\" data-name=\"subject\" id=\"ff_1_subject\"  aria-invalid=\"false\" aria-required=\"true\"><\/div><\/div><div class='ff-el-group contact-form'><div class='ff-el-input--content'><textarea aria-invalid=\"false\" aria-required=\"true\" name=\"message\" id=\"ff_1_message\" class=\"ff-el-form-control\" placeholder=\"Votre message*\" rows=\"4\" cols=\"2\" data-name=\"message\" ><\/textarea><\/div><\/div><div class='ff-el-group ff-text-left contact-form ff_submit_btn_wrapper'><button type=\"submit\" class=\"ff-btn ff-btn-submit ff-btn-md ff_btn_style wpf_has_custom_css\" >Envoy\u00e9<\/button><\/div><\/fieldset><input type=\"hidden\" name=\"trp-form-language\" value=\"fr\"\/><\/form><div id='fluentform_1_errors' class='ff-errors-in-stack ff_form_instance_1_1 ff-form-loading_errors ff_form_instance_1_1_errors'><\/div><\/div>            <script type=\"text\/javascript\">\n                window.fluent_form_ff_form_instance_1_1 = {\"id\":\"1\",\"settings\":{\"layout\":{\"labelPlacement\":\"top\",\"helpMessagePlacement\":\"with_label\",\"errorMessagePlacement\":\"inline\",\"cssClassName\":\"\",\"asteriskPlacement\":\"asterisk-right\"},\"restrictions\":{\"denyEmptySubmission\":{\"enabled\":false}}},\"form_instance\":\"ff_form_instance_1_1\",\"form_id_selector\":\"fluentform_1\",\"rules\":{\"names[first_name]\":{\"required\":{\"value\":true,\"message\":\"This field is required\"}},\"names[middle_name]\":{\"required\":{\"value\":false,\"message\":\"This field is required\"}},\"names[last_name]\":{\"required\":{\"value\":false,\"message\":\"This field is required\"}},\"email\":{\"required\":{\"value\":true,\"message\":\"This field is required\"},\"email\":{\"value\":true,\"message\":\"This field must contain a valid email\"}},\"subject\":{\"required\":{\"value\":true,\"message\":\"This field is required\"}},\"message\":{\"required\":{\"value\":true,\"message\":\"This field is required\"}}},\"debounce_time\":300};\n                            <\/script>\n            \t\t\t\t<\/div>\n\t\t\t\t<\/div>\n\t\t\t\t\t<\/div>\n\t\t<\/div>\n\t\t\t\t\t<\/div>\n\t\t<\/section>\n\t\t\t\t<section class=\"elementor-section elementor-top-section elementor-element elementor-element-f6cf79b elementor-section-boxed elementor-section-height-default elementor-section-height-default rt-parallax-bg-no\" data-id=\"f6cf79b\" data-element_type=\"section\">\n\t\t\t\t\t\t<div class=\"elementor-container elementor-column-gap-default\">\n\t\t\t\t\t<div class=\"elementor-column elementor-col-100 elementor-top-column elementor-element elementor-element-add8acc\" data-id=\"add8acc\" data-element_type=\"column\">\n\t\t\t<div class=\"elementor-widget-wrap elementor-element-populated\">\n\t\t\t\t\t\t<div class=\"elementor-element elementor-element-21ce154 elementor-widget elementor-widget-text-editor\" data-id=\"21ce154\" data-element_type=\"widget\" data-widget_type=\"text-editor.default\">\n\t\t\t\t<div class=\"elementor-widget-container\">\n\t\t\t\t\t\t\t\t\t<p><iframe style=\"border: 0;\" src=\"https:\/\/www.google.com\/maps\/embed?pb=!1m18!1m12!1m3!1d2760.8063237931538!2d6.758772051509321!3d46.21430767901441!2m3!1f0!2f0!3f0!3m2!1i1024!2i768!4f13.1!3m3!1m2!1s0x478ea710ea02457f%3A0x4697d0fc9e20c095!2s306%20Rte%20d'Ardent%2C%2074110%20Montriond!5e0!3m2!1sfr!2sfr!4v1663835556670!5m2!1sfr!2sfr\" width=\"600\" height=\"450\" allowfullscreen=\"allowfullscreen\"><\/iframe><\/p><div style=\"position: static !important;\">\u00a0<\/div>\t\t\t\t\t\t\t\t<\/div>\n\t\t\t\t<\/div>\n\t\t\t\t\t<\/div>\n\t\t<\/div>\n\t\t\t\t\t<\/div>\n\t\t<\/section>\n\t\t\t\t<\/div>","protected":false},"excerpt":{"rendered":"<p>HOW MAY WE HELP YOU Contact Information + 33 (0) 450 759 626 Ardent Carpark \u2013 74110 MONTRIOND info@lacetmontagnesports.com ScheduleMonday-Sunday 9:00am to 6:00pm Frequently asked questions May I cancel my reservation ? You can cancel a reservation up to 24 hours before the indicated arrival date. Please call or email us using the details on [&hellip;]<\/p>","protected":false},"author":1,"featured_media":0,"parent":0,"menu_order":0,"comment_status":"closed","ping_status":"closed","template":"elementor_header_footer","meta":{"footnotes":"","wcps_page_is_protected":false},"class_list":["post-225","page","type-page","status-publish","hentry"],"yoast_head":"<!-- This site is optimized with the Yoast SEO plugin v26.0 - https:\/\/yoast.com\/wordpress\/plugins\/seo\/ -->\n<title>Contact us - Lac Et Montagne Sports<\/title>\n<meta name=\"robots\" content=\"index, follow, max-snippet:-1, max-image-preview:large, max-video-preview:-1\" \/>\n<link rel=\"canonical\" href=\"https:\/\/lacetmontagnesports.com\/fr\/contact-us\/\" \/>\n<meta property=\"og:locale\" content=\"fr_FR\" \/>\n<meta property=\"og:type\" content=\"article\" \/>\n<meta property=\"og:title\" content=\"Contact us - Lac Et Montagne Sports\" \/>\n<meta property=\"og:description\" content=\"HOW MAY WE HELP YOU Contact Information + 33 (0) 450 759 626 Ardent Carpark \u2013 74110 MONTRIOND info@lacetmontagnesports.com ScheduleMonday-Sunday 9:00am to 6:00pm Frequently asked questions May I cancel my reservation ? You can cancel a reservation up to 24 hours before the indicated arrival date. Please call or email us using the details on [&hellip;]\" \/>\n<meta property=\"og:url\" content=\"https:\/\/lacetmontagnesports.com\/fr\/contact-us\/\" \/>\n<meta property=\"og:site_name\" content=\"Lac Et Montagne Sports\" \/>\n<meta property=\"article:publisher\" content=\"https:\/\/www.facebook.com\/lacetmontagnesportsardent\/\" \/>\n<meta property=\"article:modified_time\" content=\"2025-09-26T08:48:03+00:00\" \/>\n<meta name=\"twitter:card\" content=\"summary_large_image\" \/>\n<meta name=\"twitter:label1\" content=\"Dur\u00e9e de lecture estim\u00e9e\" \/>\n\t<meta name=\"twitter:data1\" content=\"1 minute\" \/>\n<script type=\"application\/ld+json\" class=\"yoast-schema-graph\">{\"@context\":\"https:\/\/schema.org\",\"@graph\":[{\"@type\":\"WebPage\",\"@id\":\"https:\/\/lacetmontagnesports.com\/contact-us\/\",\"url\":\"https:\/\/lacetmontagnesports.com\/contact-us\/\",\"name\":\"Contact us - Lac Et Montagne Sports\",\"isPartOf\":{\"@id\":\"https:\/\/lacetmontagnesports.com\/#website\"},\"datePublished\":\"2021-10-13T04:36:06+00:00\",\"dateModified\":\"2025-09-26T08:48:03+00:00\",\"breadcrumb\":{\"@id\":\"https:\/\/lacetmontagnesports.com\/contact-us\/#breadcrumb\"},\"inLanguage\":\"fr-FR\",\"potentialAction\":[{\"@type\":\"ReadAction\",\"target\":[\"https:\/\/lacetmontagnesports.com\/contact-us\/\"]}]},{\"@type\":\"BreadcrumbList\",\"@id\":\"https:\/\/lacetmontagnesports.com\/contact-us\/#breadcrumb\",\"itemListElement\":[{\"@type\":\"ListItem\",\"position\":1,\"name\":\"Home\",\"item\":\"https:\/\/lacetmontagnesports.com\/\"},{\"@type\":\"ListItem\",\"position\":2,\"name\":\"Contact us\"}]},{\"@type\":\"WebSite\",\"@id\":\"https:\/\/lacetmontagnesports.com\/#website\",\"url\":\"https:\/\/lacetmontagnesports.com\/\",\"name\":\"Lac Et Montagne Sports\",\"description\":\"Location de ski Montriond - Avoriaz\",\"publisher\":{\"@id\":\"https:\/\/lacetmontagnesports.com\/#organization\"},\"potentialAction\":[{\"@type\":\"SearchAction\",\"target\":{\"@type\":\"EntryPoint\",\"urlTemplate\":\"https:\/\/lacetmontagnesports.com\/?s={search_term_string}\"},\"query-input\":{\"@type\":\"PropertyValueSpecification\",\"valueRequired\":true,\"valueName\":\"search_term_string\"}}],\"inLanguage\":\"fr-FR\"},{\"@type\":\"Organization\",\"@id\":\"https:\/\/lacetmontagnesports.com\/#organization\",\"name\":\"Lac Et Montagne Sports\",\"url\":\"https:\/\/lacetmontagnesports.com\/\",\"logo\":{\"@type\":\"ImageObject\",\"inLanguage\":\"fr-FR\",\"@id\":\"https:\/\/lacetmontagnesports.com\/#\/schema\/logo\/image\/\",\"url\":\"https:\/\/lacetmontagnesports.com\/wp-content\/uploads\/2022\/09\/cropped-fav-logo.png\",\"contentUrl\":\"https:\/\/lacetmontagnesports.com\/wp-content\/uploads\/2022\/09\/cropped-fav-logo.png\",\"width\":512,\"height\":512,\"caption\":\"Lac Et Montagne Sports\"},\"image\":{\"@id\":\"https:\/\/lacetmontagnesports.com\/#\/schema\/logo\/image\/\"},\"sameAs\":[\"https:\/\/www.facebook.com\/lacetmontagnesportsardent\/\",\"https:\/\/www.instagram.com\/lac_et_montagne_sports\/\"]}]}<\/script>\n<!-- \/ Yoast SEO plugin. -->","yoast_head_json":{"title":"Contact us - Lac Et Montagne Sports","robots":{"index":"index","follow":"follow","max-snippet":"max-snippet:-1","max-image-preview":"max-image-preview:large","max-video-preview":"max-video-preview:-1"},"canonical":"https:\/\/lacetmontagnesports.com\/fr\/contact-us\/","og_locale":"fr_FR","og_type":"article","og_title":"Contact us - Lac Et Montagne Sports","og_description":"HOW MAY WE HELP YOU Contact Information + 33 (0) 450 759 626 Ardent Carpark \u2013 74110 MONTRIOND info@lacetmontagnesports.com ScheduleMonday-Sunday 9:00am to 6:00pm Frequently asked questions May I cancel my reservation ? You can cancel a reservation up to 24 hours before the indicated arrival date. Please call or email us using the details on [&hellip;]","og_url":"https:\/\/lacetmontagnesports.com\/fr\/contact-us\/","og_site_name":"Lac Et Montagne Sports","article_publisher":"https:\/\/www.facebook.com\/lacetmontagnesportsardent\/","article_modified_time":"2025-09-26T08:48:03+00:00","twitter_card":"summary_large_image","twitter_misc":{"Dur\u00e9e de lecture estim\u00e9e":"1 minute"},"schema":{"@context":"https:\/\/schema.org","@graph":[{"@type":"WebPage","@id":"https:\/\/lacetmontagnesports.com\/contact-us\/","url":"https:\/\/lacetmontagnesports.com\/contact-us\/","name":"Contact us - Lac Et Montagne Sports","isPartOf":{"@id":"https:\/\/lacetmontagnesports.com\/#website"},"datePublished":"2021-10-13T04:36:06+00:00","dateModified":"2025-09-26T08:48:03+00:00","breadcrumb":{"@id":"https:\/\/lacetmontagnesports.com\/contact-us\/#breadcrumb"},"inLanguage":"fr-FR","potentialAction":[{"@type":"ReadAction","target":["https:\/\/lacetmontagnesports.com\/contact-us\/"]}]},{"@type":"BreadcrumbList","@id":"https:\/\/lacetmontagnesports.com\/contact-us\/#breadcrumb","itemListElement":[{"@type":"ListItem","position":1,"name":"Home","item":"https:\/\/lacetmontagnesports.com\/"},{"@type":"ListItem","position":2,"name":"Contact us"}]},{"@type":"WebSite","@id":"https:\/\/lacetmontagnesports.com\/#website","url":"https:\/\/lacetmontagnesports.com\/","name":"Lac Et Montagne Sports","description":"Location de ski Montriond - Avoriaz","publisher":{"@id":"https:\/\/lacetmontagnesports.com\/#organization"},"potentialAction":[{"@type":"SearchAction","target":{"@type":"EntryPoint","urlTemplate":"https:\/\/lacetmontagnesports.com\/?s={search_term_string}"},"query-input":{"@type":"PropertyValueSpecification","valueRequired":true,"valueName":"search_term_string"}}],"inLanguage":"fr-FR"},{"@type":"Organization","@id":"https:\/\/lacetmontagnesports.com\/#organization","name":"Lac Et Montagne Sports","url":"https:\/\/lacetmontagnesports.com\/","logo":{"@type":"ImageObject","inLanguage":"fr-FR","@id":"https:\/\/lacetmontagnesports.com\/#\/schema\/logo\/image\/","url":"https:\/\/lacetmontagnesports.com\/wp-content\/uploads\/2022\/09\/cropped-fav-logo.png","contentUrl":"https:\/\/lacetmontagnesports.com\/wp-content\/uploads\/2022\/09\/cropped-fav-logo.png","width":512,"height":512,"caption":"Lac Et Montagne Sports"},"image":{"@id":"https:\/\/lacetmontagnesports.com\/#\/schema\/logo\/image\/"},"sameAs":["https:\/\/www.facebook.com\/lacetmontagnesportsardent\/","https:\/\/www.instagram.com\/lac_et_montagne_sports\/"]}]}},"_links":{"self":[{"href":"https:\/\/lacetmontagnesports.com\/fr\/wp-json\/wp\/v2\/pages\/225","targetHints":{"allow":["GET"]}}],"collection":[{"href":"https:\/\/lacetmontagnesports.com\/fr\/wp-json\/wp\/v2\/pages"}],"about":[{"href":"https:\/\/lacetmontagnesports.com\/fr\/wp-json\/wp\/v2\/types\/page"}],"author":[{"embeddable":true,"href":"https:\/\/lacetmontagnesports.com\/fr\/wp-json\/wp\/v2\/users\/1"}],"replies":[{"embeddable":true,"href":"https:\/\/lacetmontagnesports.com\/fr\/wp-json\/wp\/v2\/comments?post=225"}],"version-history":[{"count":31,"href":"https:\/\/lacetmontagnesports.com\/fr\/wp-json\/wp\/v2\/pages\/225\/revisions"}],"predecessor-version":[{"id":10825,"href":"https:\/\/lacetmontagnesports.com\/fr\/wp-json\/wp\/v2\/pages\/225\/revisions\/10825"}],"wp:attachment":[{"href":"https:\/\/lacetmontagnesports.com\/fr\/wp-json\/wp\/v2\/media?parent=225"}],"curies":[{"name":"wp","href":"https:\/\/api.w.org\/{rel}","templated":true}]}}