{"id":700,"date":"2021-10-25T10:36:10","date_gmt":"2021-10-25T10:36:10","guid":{"rendered":"http:\/\/dev.rollingpixel.com\/?page_id=700"},"modified":"2022-09-26T12:12:04","modified_gmt":"2022-09-26T11:12:04","slug":"our-partners","status":"publish","type":"page","link":"https:\/\/lacetmontagnesports.com\/fr\/our-partners\/","title":{"rendered":"Nos partenaires"},"content":{"rendered":"<div data-elementor-type=\"wp-page\" data-elementor-id=\"700\" class=\"elementor elementor-700\" data-elementor-post-type=\"page\">\n\t\t\t\t\t\t<section class=\"elementor-section elementor-top-section elementor-element elementor-element-9a46130 elementor-section-boxed elementor-section-height-default elementor-section-height-default rt-parallax-bg-no\" data-id=\"9a46130\" data-element_type=\"section\" data-settings=\"{&quot;background_background&quot;:&quot;classic&quot;}\">\n\t\t\t\t\t\t<div class=\"elementor-container elementor-column-gap-default\">\n\t\t\t\t\t<div class=\"elementor-column elementor-col-100 elementor-top-column elementor-element elementor-element-1037a15\" data-id=\"1037a15\" data-element_type=\"column\">\n\t\t\t<div class=\"elementor-widget-wrap elementor-element-populated\">\n\t\t\t\t\t\t<div class=\"elementor-element elementor-element-71f866e elementor-invisible elementor-widget elementor-widget-rt-title\" data-id=\"71f866e\" data-element_type=\"widget\" data-widget_type=\"rt-title.default\">\n\t\t\t\t<div class=\"elementor-widget-container\">\n\t\t\t\t\t<div class=\"rt-section-title style1\">\n\t<div class=\"title-holder\">\t\t\n\t\t\t\t<span class=\"sub-title hide fadeInUp\" data-wow-delay=\"1s\" data-wow-duration=\"1s\">WHO ARE<\/span>\n\t\t\t\t\t\t<h2 class=\"entry-title hide fadeInUp\" data-wow-delay=\"1.2s\" data-wow-duration=\"1s\">Nos partenaires\t\t\t<span class=\"titledot\"><\/span>\n\t\t\t<span class=\"titleline\"><\/span>\n\t\t<\/h2>\n\t\t\t<\/div>\n<\/div>\n\t\t\t\t<\/div>\n\t\t\t\t<\/div>\n\t\t\t\t\t<\/div>\n\t\t<\/div>\n\t\t\t\t\t<\/div>\n\t\t<\/section>\n\t\t\t\t<section class=\"elementor-section elementor-top-section elementor-element elementor-element-22ba3ad elementor-section-stretched elementor-section-boxed elementor-section-height-default elementor-section-height-default rt-parallax-bg-no\" data-id=\"22ba3ad\" data-element_type=\"section\" data-settings=\"{&quot;stretch_section&quot;:&quot;section-stretched&quot;}\">\n\t\t\t\t\t\t<div class=\"elementor-container elementor-column-gap-default\">\n\t\t\t\t\t<div class=\"elementor-column elementor-col-100 elementor-top-column elementor-element elementor-element-3740046\" data-id=\"3740046\" data-element_type=\"column\">\n\t\t\t<div class=\"elementor-widget-wrap elementor-element-populated\">\n\t\t\t\t\t\t<div class=\"elementor-element elementor-element-bea6175 elementor-invisible elementor-widget elementor-widget-rt-team\" data-id=\"bea6175\" data-element_type=\"widget\" data-widget_type=\"rt-team.default\">\n\t\t\t\t<div class=\"elementor-widget-container\">\n\t\t\t\t\t<div class=\"team-default team-multi-layout-2 team-grid-style2\">\n\t<div class=\"row g-5\">\n\t\t\t\t\t\t<div class=\"col-lg-4 col-md-6 col-sm-6 col-xs-12\">\n\t\t\t\t\t<div class=\"team-item wow fadeInUp\" data-wow-delay=\"0.5s\" data-wow-duration=\"1s\">\n\t\t\t\t\t\t<div class=\"team-content-wrap\">\t\t\n\t\t\t\t\t\t\t<div class=\"team-thums\">\n\t\t\t\t\t\t\t\t<a href=\"https:\/\/lacetmontagnesports.com\/fr\/team\/the-sculptors-of-the-lake\/\">\n\t\t\t\t\t\t\t\t\t<img fetchpriority=\"high\" decoding=\"async\" width=\"480\" height=\"504\" src=\"https:\/\/lacetmontagnesports.com\/wp-content\/uploads\/2021\/10\/sculpteurs-480x504.png\" class=\"attachment-neeon-size4 size-neeon-size4 wp-post-image\" alt=\"\" \/>\t\t\t\t\t\t\t\t<\/a>\n\t\t\t\t\t\t\t\t\t\t\t\t\t\t\t<\/div>\n\t\t\t\t\t\t\t<div class=\"mask-wrap\">\n\t\t\t\t\t\t\t\t<div class=\"team-content\">\n\t\t\t\t\t\t\t\t\t<h3 class=\"team-title\"><a href=\"https:\/\/lacetmontagnesports.com\/fr\/team\/the-sculptors-of-the-lake\/\">Les sculpteurs du lac<\/a><span> - <\/span><\/h3>\n\t\t\t\t\t\t\t\t\t\t\t\t\t\t\t\t\t\t<p>Les Sculpteurs du Lac sont les cr\u00e9ateurs de tous les produits, qui sont ensuite r\u00e9alis\u00e9s<\/p>\n\t\t\t\t\t\t\t\t\t\t\t\t\t\t\t\t\t<\/div>\n\t\t\t\t\t\t\t<\/div>\n\t\t\t\t\t\t<\/div>\n\t\t\t\t\t<\/div>\n\t\t\t\t<\/div>\n\t\t\t\t\t\t\t<div class=\"col-lg-4 col-md-6 col-sm-6 col-xs-12\">\n\t\t\t\t\t<div class=\"team-item wow fadeInUp\" data-wow-delay=\"0.7s\" data-wow-duration=\"1.1s\">\n\t\t\t\t\t\t<div class=\"team-content-wrap\">\t\t\n\t\t\t\t\t\t\t<div class=\"team-thums\">\n\t\t\t\t\t\t\t\t<a href=\"https:\/\/lacetmontagnesports.com\/fr\/team\/les-source-daulps\/\">\n\t\t\t\t\t\t\t\t\t<img decoding=\"async\" width=\"480\" height=\"504\" src=\"https:\/\/lacetmontagnesports.com\/wp-content\/uploads\/2022\/09\/sources-daulps-480x504.png\" class=\"attachment-neeon-size4 size-neeon-size4 wp-post-image\" alt=\"\" \/>\t\t\t\t\t\t\t\t<\/a>\n\t\t\t\t\t\t\t\t\t\t\t\t\t\t\t<\/div>\n\t\t\t\t\t\t\t<div class=\"mask-wrap\">\n\t\t\t\t\t\t\t\t<div class=\"team-content\">\n\t\t\t\t\t\t\t\t\t<h3 class=\"team-title\"><a href=\"https:\/\/lacetmontagnesports.com\/fr\/team\/les-source-daulps\/\">Les source d\u2019aulps<\/a><span> - <\/span><\/h3>\n\t\t\t\t\t\t\t\t\t\t\t\t\t\t\t\t\t\t<p>Need to recharge your batteries? To relax? Discover the \u201cLes Sources d&#8217;Aulps\u201d<\/p>\n\t\t\t\t\t\t\t\t\t\t\t\t\t\t\t\t\t<\/div>\n\t\t\t\t\t\t\t<\/div>\n\t\t\t\t\t\t<\/div>\n\t\t\t\t\t<\/div>\n\t\t\t\t<\/div>\n\t\t\t\t\t\t\t<div class=\"col-lg-4 col-md-6 col-sm-6 col-xs-12\">\n\t\t\t\t\t<div class=\"team-item wow fadeInUp\" data-wow-delay=\"0.9s\" data-wow-duration=\"1.2s\">\n\t\t\t\t\t\t<div class=\"team-content-wrap\">\t\t\n\t\t\t\t\t\t\t<div class=\"team-thums\">\n\t\t\t\t\t\t\t\t<a href=\"https:\/\/lacetmontagnesports.com\/fr\/team\/happy-hours-bar\/\">\n\t\t\t\t\t\t\t\t\t<img decoding=\"async\" width=\"480\" height=\"504\" src=\"https:\/\/lacetmontagnesports.com\/wp-content\/uploads\/2022\/09\/happyhours-480x504.png\" class=\"attachment-neeon-size4 size-neeon-size4 wp-post-image\" alt=\"\" \/>\t\t\t\t\t\t\t\t<\/a>\n\t\t\t\t\t\t\t\t\t\t\t\t\t\t\t<\/div>\n\t\t\t\t\t\t\t<div class=\"mask-wrap\">\n\t\t\t\t\t\t\t\t<div class=\"team-content\">\n\t\t\t\t\t\t\t\t\t<h3 class=\"team-title\"><a href=\"https:\/\/lacetmontagnesports.com\/fr\/team\/happy-hours-bar\/\">Happy Hours Bar<\/a><span> - <\/span><\/h3>\n\t\t\t\t\t\t\t\t\t\t\t\t\t\t\t\t\t\t<p>The unmissable atmospheric bar in Morzine resort! Come as a group and<\/p>\n\t\t\t\t\t\t\t\t\t\t\t\t\t\t\t\t\t<\/div>\n\t\t\t\t\t\t\t<\/div>\n\t\t\t\t\t\t<\/div>\n\t\t\t\t\t<\/div>\n\t\t\t\t<\/div>\n\t\t\t\t\t\t\t<div class=\"col-lg-4 col-md-6 col-sm-6 col-xs-12\">\n\t\t\t\t\t<div class=\"team-item wow fadeInUp\" data-wow-delay=\"1.1s\" data-wow-duration=\"1.3s\">\n\t\t\t\t\t\t<div class=\"team-content-wrap\">\t\t\n\t\t\t\t\t\t\t<div class=\"team-thums\">\n\t\t\t\t\t\t\t\t<a href=\"https:\/\/lacetmontagnesports.com\/fr\/team\/montamour\/\">\n\t\t\t\t\t\t\t\t\t<img loading=\"lazy\" decoding=\"async\" width=\"480\" height=\"504\" src=\"https:\/\/lacetmontagnesports.com\/wp-content\/uploads\/2022\/09\/montamour-480x504.png\" class=\"attachment-neeon-size4 size-neeon-size4 wp-post-image\" alt=\"\" \/>\t\t\t\t\t\t\t\t<\/a>\n\t\t\t\t\t\t\t\t\t\t\t\t\t\t\t<\/div>\n\t\t\t\t\t\t\t<div class=\"mask-wrap\">\n\t\t\t\t\t\t\t\t<div class=\"team-content\">\n\t\t\t\t\t\t\t\t\t<h3 class=\"team-title\"><a href=\"https:\/\/lacetmontagnesports.com\/fr\/team\/montamour\/\">MONTAMOUR<\/a><span> - <\/span><\/h3>\n\t\t\t\t\t\t\t\t\t\t\t\t\t\t\t\t\t\t<p>Spend unforgettable moments in luxury and exceptional chalets at the foot of<\/p>\n\t\t\t\t\t\t\t\t\t\t\t\t\t\t\t\t\t<\/div>\n\t\t\t\t\t\t\t<\/div>\n\t\t\t\t\t\t<\/div>\n\t\t\t\t\t<\/div>\n\t\t\t\t<\/div>\n\t\t\t\t\t\t\t<div class=\"col-lg-4 col-md-6 col-sm-6 col-xs-12\">\n\t\t\t\t\t<div class=\"team-item wow fadeInUp\" data-wow-delay=\"1.3s\" data-wow-duration=\"1.4s\">\n\t\t\t\t\t\t<div class=\"team-content-wrap\">\t\t\n\t\t\t\t\t\t\t<div class=\"team-thums\">\n\t\t\t\t\t\t\t\t<a href=\"https:\/\/lacetmontagnesports.com\/fr\/team\/skimium\/\">\n\t\t\t\t\t\t\t\t\t<img loading=\"lazy\" decoding=\"async\" width=\"480\" height=\"504\" src=\"https:\/\/lacetmontagnesports.com\/wp-content\/uploads\/2022\/09\/skimiuum-480x504.png\" class=\"attachment-neeon-size4 size-neeon-size4 wp-post-image\" alt=\"\" \/>\t\t\t\t\t\t\t\t<\/a>\n\t\t\t\t\t\t\t\t\t\t\t\t\t\t\t<\/div>\n\t\t\t\t\t\t\t<div class=\"mask-wrap\">\n\t\t\t\t\t\t\t\t<div class=\"team-content\">\n\t\t\t\t\t\t\t\t\t<h3 class=\"team-title\"><a href=\"https:\/\/lacetmontagnesports.com\/fr\/team\/skimium\/\">Skimium<\/a><span> - <\/span><\/h3>\n\t\t\t\t\t\t\t\t\t\t\t\t\t\t\t\t\t\t<p>Our rental partner, rent skis, snowboards and any other equipment depending on<\/p>\n\t\t\t\t\t\t\t\t\t\t\t\t\t\t\t\t\t<\/div>\n\t\t\t\t\t\t\t<\/div>\n\t\t\t\t\t\t<\/div>\n\t\t\t\t\t<\/div>\n\t\t\t\t<\/div>\n\t\t\t\t\t\t\t<div class=\"col-lg-4 col-md-6 col-sm-6 col-xs-12\">\n\t\t\t\t\t<div class=\"team-item wow fadeInUp\" data-wow-delay=\"1.5s\" data-wow-duration=\"1.5s\">\n\t\t\t\t\t\t<div class=\"team-content-wrap\">\t\t\n\t\t\t\t\t\t\t<div class=\"team-thums\">\n\t\t\t\t\t\t\t\t<a href=\"https:\/\/lacetmontagnesports.com\/fr\/team\/hubevent\/\">\n\t\t\t\t\t\t\t\t\t<img loading=\"lazy\" decoding=\"async\" width=\"480\" height=\"377\" src=\"https:\/\/lacetmontagnesports.com\/wp-content\/uploads\/2022\/09\/huub-480x377.png\" class=\"attachment-neeon-size4 size-neeon-size4 wp-post-image\" alt=\"\" \/>\t\t\t\t\t\t\t\t<\/a>\n\t\t\t\t\t\t\t\t\t\t\t\t\t\t\t<\/div>\n\t\t\t\t\t\t\t<div class=\"mask-wrap\">\n\t\t\t\t\t\t\t\t<div class=\"team-content\">\n\t\t\t\t\t\t\t\t\t<h3 class=\"team-title\"><a href=\"https:\/\/lacetmontagnesports.com\/fr\/team\/hubevent\/\">HubEvent<\/a><span> - <\/span><\/h3>\n\t\t\t\t\t\t\t\t\t\t\t\t\t\t\t\t\t\t<p>Do you want to organize an unforgettable event during your stays in<\/p>\n\t\t\t\t\t\t\t\t\t\t\t\t\t\t\t\t\t<\/div>\n\t\t\t\t\t\t\t<\/div>\n\t\t\t\t\t\t<\/div>\n\t\t\t\t\t<\/div>\n\t\t\t\t<\/div>\n\t\t\t\t\t\t\t<div class=\"col-lg-4 col-md-6 col-sm-6 col-xs-12\">\n\t\t\t\t\t<div class=\"team-item wow fadeInUp\" data-wow-delay=\"1.7s\" data-wow-duration=\"1.6s\">\n\t\t\t\t\t\t<div class=\"team-content-wrap\">\t\t\n\t\t\t\t\t\t\t<div class=\"team-thums\">\n\t\t\t\t\t\t\t\t<a href=\"https:\/\/lacetmontagnesports.com\/fr\/team\/hockey-club-morzine\/\">\n\t\t\t\t\t\t\t\t\t<img loading=\"lazy\" decoding=\"async\" width=\"480\" height=\"504\" src=\"https:\/\/lacetmontagnesports.com\/wp-content\/uploads\/2022\/09\/hockeymorzine-480x504.png\" class=\"attachment-neeon-size4 size-neeon-size4 wp-post-image\" alt=\"\" \/>\t\t\t\t\t\t\t\t<\/a>\n\t\t\t\t\t\t\t\t\t\t\t\t\t\t\t<\/div>\n\t\t\t\t\t\t\t<div class=\"mask-wrap\">\n\t\t\t\t\t\t\t\t<div class=\"team-content\">\n\t\t\t\t\t\t\t\t\t<h3 class=\"team-title\"><a href=\"https:\/\/lacetmontagnesports.com\/fr\/team\/hockey-club-morzine\/\">Hockey Club Morzine<\/a><span> - <\/span><\/h3>\n\t\t\t\t\t\t\t\t\t\t\t\t\t\t\t\t\t\t<p>Nous sommes fier de sponsoris\u00e9 le hockey club de Morzine<\/p>\n\t\t\t\t\t\t\t\t\t\t\t\t\t\t\t\t\t<\/div>\n\t\t\t\t\t\t\t<\/div>\n\t\t\t\t\t\t<\/div>\n\t\t\t\t\t<\/div>\n\t\t\t\t<\/div>\n\t\t\t\t\t\t\t<div class=\"col-lg-4 col-md-6 col-sm-6 col-xs-12\">\n\t\t\t\t\t<div class=\"team-item wow fadeInUp\" data-wow-delay=\"1.9s\" data-wow-duration=\"1.7s\">\n\t\t\t\t\t\t<div class=\"team-content-wrap\">\t\t\n\t\t\t\t\t\t\t<div class=\"team-thums\">\n\t\t\t\t\t\t\t\t<a href=\"https:\/\/lacetmontagnesports.com\/fr\/team\/green-lake-farm\/\">\n\t\t\t\t\t\t\t\t\t<img loading=\"lazy\" decoding=\"async\" width=\"480\" height=\"504\" src=\"https:\/\/lacetmontagnesports.com\/wp-content\/uploads\/2022\/09\/fermelacvet-480x504.png\" class=\"attachment-neeon-size4 size-neeon-size4 wp-post-image\" alt=\"\" \/>\t\t\t\t\t\t\t\t<\/a>\n\t\t\t\t\t\t\t\t\t\t\t\t\t\t\t<\/div>\n\t\t\t\t\t\t\t<div class=\"mask-wrap\">\n\t\t\t\t\t\t\t\t<div class=\"team-content\">\n\t\t\t\t\t\t\t\t\t<h3 class=\"team-title\"><a href=\"https:\/\/lacetmontagnesports.com\/fr\/team\/green-lake-farm\/\">Green Lake Farm<\/a><span> - <\/span><\/h3>\n\t\t\t\t\t\t\t\t\t\t\t\t\t\t\t\t\t\t<p>Une entreprise unique d'animations fun et d\u00e9lirantes.\nRetrouvez toute nos activit\u00e9s et animations<\/p>\n\t\t\t\t\t\t\t\t\t\t\t\t\t\t\t\t\t<\/div>\n\t\t\t\t\t\t\t<\/div>\n\t\t\t\t\t\t<\/div>\n\t\t\t\t\t<\/div>\n\t\t\t\t<\/div>\n\t\t\t\t\t\t\t<div class=\"col-lg-4 col-md-6 col-sm-6 col-xs-12\">\n\t\t\t\t\t<div class=\"team-item wow fadeInUp\" data-wow-delay=\"2.1s\" data-wow-duration=\"1.8s\">\n\t\t\t\t\t\t<div class=\"team-content-wrap\">\t\t\n\t\t\t\t\t\t\t<div class=\"team-thums\">\n\t\t\t\t\t\t\t\t<a href=\"https:\/\/lacetmontagnesports.com\/fr\/team\/pulse-activity\/\">\n\t\t\t\t\t\t\t\t\t<img loading=\"lazy\" decoding=\"async\" width=\"480\" height=\"504\" src=\"https:\/\/lacetmontagnesports.com\/wp-content\/uploads\/2022\/09\/Pulse-480x504.png\" class=\"attachment-neeon-size4 size-neeon-size4 wp-post-image\" alt=\"\" \/>\t\t\t\t\t\t\t\t<\/a>\n\t\t\t\t\t\t\t\t\t\t\t\t\t\t\t<\/div>\n\t\t\t\t\t\t\t<div class=\"mask-wrap\">\n\t\t\t\t\t\t\t\t<div class=\"team-content\">\n\t\t\t\t\t\t\t\t\t<h3 class=\"team-title\"><a href=\"https:\/\/lacetmontagnesports.com\/fr\/team\/pulse-activity\/\">Pulse Activity<\/a><span> - <\/span><\/h3>\n\t\t\t\t\t\t\t\t\t\t\t\t\t\t\t\t\t\t<p>Une entreprise unique d'animations fun et d\u00e9lirantes.\nRetrouvez toute nos activit\u00e9s et animations<\/p>\n\t\t\t\t\t\t\t\t\t\t\t\t\t\t\t\t\t<\/div>\n\t\t\t\t\t\t\t<\/div>\n\t\t\t\t\t\t<\/div>\n\t\t\t\t\t<\/div>\n\t\t\t\t<\/div>\n\t\t\t\t\t\t\t\t<\/div>\n\t\t\t\t\t<\/div>\t\t\t\t<\/div>\n\t\t\t\t<\/div>\n\t\t\t\t\t<\/div>\n\t\t<\/div>\n\t\t\t\t\t<\/div>\n\t\t<\/section>\n\t\t\t\t<\/div>","protected":false},"excerpt":{"rendered":"<p>WHO ARE Our Partners The Sculptors of the Lake &#8211; Atypical, original creations and above all souvenirs from the region! Discover without The Sources of Aulps &#8211; Need to recharge your batteries? To relax? Discover the \u201cLes Sources d&#8217;Aulps\u201d Happy Hours Bar &#8211; The unmissable atmospheric bar in Morzine resort! Come as a group and [&hellip;]<\/p>","protected":false},"author":1,"featured_media":0,"parent":0,"menu_order":0,"comment_status":"closed","ping_status":"closed","template":"elementor_header_footer","meta":{"footnotes":"","wcps_page_is_protected":false},"class_list":["post-700","page","type-page","status-publish","hentry"],"yoast_head":"<!-- This site is optimized with the Yoast SEO plugin v26.0 - https:\/\/yoast.com\/wordpress\/plugins\/seo\/ -->\n<title>Our Partners - Lac Et Montagne Sports<\/title>\n<meta name=\"robots\" content=\"index, follow, max-snippet:-1, max-image-preview:large, max-video-preview:-1\" \/>\n<link rel=\"canonical\" href=\"https:\/\/lacetmontagnesports.com\/fr\/our-partners\/\" \/>\n<meta property=\"og:locale\" content=\"fr_FR\" \/>\n<meta property=\"og:type\" content=\"article\" \/>\n<meta property=\"og:title\" content=\"Our Partners - Lac Et Montagne Sports\" \/>\n<meta property=\"og:description\" content=\"WHO ARE Our Partners The Sculptors of the Lake &#8211; Atypical, original creations and above all souvenirs from the region! Discover without The Sources of Aulps &#8211; Need to recharge your batteries? To relax? Discover the \u201cLes Sources d&#8217;Aulps\u201d Happy Hours Bar &#8211; The unmissable atmospheric bar in Morzine resort! Come as a group and [&hellip;]\" \/>\n<meta property=\"og:url\" content=\"https:\/\/lacetmontagnesports.com\/fr\/our-partners\/\" \/>\n<meta property=\"og:site_name\" content=\"Lac Et Montagne Sports\" \/>\n<meta property=\"article:publisher\" content=\"https:\/\/www.facebook.com\/lacetmontagnesportsardent\/\" \/>\n<meta property=\"article:modified_time\" content=\"2022-09-26T11:12:04+00:00\" \/>\n<meta property=\"og:image\" content=\"http:\/\/dev.rollingpixel.com\/wp-content\/uploads\/2021\/10\/sculpteurs-480x504.png\" \/>\n<meta name=\"twitter:card\" content=\"summary_large_image\" \/>\n<meta name=\"twitter:label1\" content=\"Dur\u00e9e de lecture estim\u00e9e\" \/>\n\t<meta name=\"twitter:data1\" content=\"1 minute\" \/>\n<script type=\"application\/ld+json\" class=\"yoast-schema-graph\">{\"@context\":\"https:\/\/schema.org\",\"@graph\":[{\"@type\":\"WebPage\",\"@id\":\"https:\/\/lacetmontagnesports.com\/our-partners\/\",\"url\":\"https:\/\/lacetmontagnesports.com\/our-partners\/\",\"name\":\"Our Partners - Lac Et Montagne Sports\",\"isPartOf\":{\"@id\":\"https:\/\/lacetmontagnesports.com\/#website\"},\"primaryImageOfPage\":{\"@id\":\"https:\/\/lacetmontagnesports.com\/our-partners\/#primaryimage\"},\"image\":{\"@id\":\"https:\/\/lacetmontagnesports.com\/our-partners\/#primaryimage\"},\"thumbnailUrl\":\"http:\/\/dev.rollingpixel.com\/wp-content\/uploads\/2021\/10\/sculpteurs-480x504.png\",\"datePublished\":\"2021-10-25T10:36:10+00:00\",\"dateModified\":\"2022-09-26T11:12:04+00:00\",\"breadcrumb\":{\"@id\":\"https:\/\/lacetmontagnesports.com\/our-partners\/#breadcrumb\"},\"inLanguage\":\"fr-FR\",\"potentialAction\":[{\"@type\":\"ReadAction\",\"target\":[\"https:\/\/lacetmontagnesports.com\/our-partners\/\"]}]},{\"@type\":\"ImageObject\",\"inLanguage\":\"fr-FR\",\"@id\":\"https:\/\/lacetmontagnesports.com\/our-partners\/#primaryimage\",\"url\":\"http:\/\/dev.rollingpixel.com\/wp-content\/uploads\/2021\/10\/sculpteurs-480x504.png\",\"contentUrl\":\"http:\/\/dev.rollingpixel.com\/wp-content\/uploads\/2021\/10\/sculpteurs-480x504.png\"},{\"@type\":\"BreadcrumbList\",\"@id\":\"https:\/\/lacetmontagnesports.com\/our-partners\/#breadcrumb\",\"itemListElement\":[{\"@type\":\"ListItem\",\"position\":1,\"name\":\"Home\",\"item\":\"https:\/\/lacetmontagnesports.com\/\"},{\"@type\":\"ListItem\",\"position\":2,\"name\":\"Our Partners\"}]},{\"@type\":\"WebSite\",\"@id\":\"https:\/\/lacetmontagnesports.com\/#website\",\"url\":\"https:\/\/lacetmontagnesports.com\/\",\"name\":\"Lac Et Montagne Sports\",\"description\":\"Location de ski Montriond - Avoriaz\",\"publisher\":{\"@id\":\"https:\/\/lacetmontagnesports.com\/#organization\"},\"potentialAction\":[{\"@type\":\"SearchAction\",\"target\":{\"@type\":\"EntryPoint\",\"urlTemplate\":\"https:\/\/lacetmontagnesports.com\/?s={search_term_string}\"},\"query-input\":{\"@type\":\"PropertyValueSpecification\",\"valueRequired\":true,\"valueName\":\"search_term_string\"}}],\"inLanguage\":\"fr-FR\"},{\"@type\":\"Organization\",\"@id\":\"https:\/\/lacetmontagnesports.com\/#organization\",\"name\":\"Lac Et Montagne Sports\",\"url\":\"https:\/\/lacetmontagnesports.com\/\",\"logo\":{\"@type\":\"ImageObject\",\"inLanguage\":\"fr-FR\",\"@id\":\"https:\/\/lacetmontagnesports.com\/#\/schema\/logo\/image\/\",\"url\":\"https:\/\/lacetmontagnesports.com\/wp-content\/uploads\/2022\/09\/cropped-fav-logo.png\",\"contentUrl\":\"https:\/\/lacetmontagnesports.com\/wp-content\/uploads\/2022\/09\/cropped-fav-logo.png\",\"width\":512,\"height\":512,\"caption\":\"Lac Et Montagne Sports\"},\"image\":{\"@id\":\"https:\/\/lacetmontagnesports.com\/#\/schema\/logo\/image\/\"},\"sameAs\":[\"https:\/\/www.facebook.com\/lacetmontagnesportsardent\/\",\"https:\/\/www.instagram.com\/lac_et_montagne_sports\/\"]}]}<\/script>\n<!-- \/ Yoast SEO plugin. -->","yoast_head_json":{"title":"Our Partners - Lac Et Montagne Sports","robots":{"index":"index","follow":"follow","max-snippet":"max-snippet:-1","max-image-preview":"max-image-preview:large","max-video-preview":"max-video-preview:-1"},"canonical":"https:\/\/lacetmontagnesports.com\/fr\/our-partners\/","og_locale":"fr_FR","og_type":"article","og_title":"Our Partners - Lac Et Montagne Sports","og_description":"WHO ARE Our Partners The Sculptors of the Lake &#8211; Atypical, original creations and above all souvenirs from the region! Discover without The Sources of Aulps &#8211; Need to recharge your batteries? To relax? Discover the \u201cLes Sources d&#8217;Aulps\u201d Happy Hours Bar &#8211; The unmissable atmospheric bar in Morzine resort! Come as a group and [&hellip;]","og_url":"https:\/\/lacetmontagnesports.com\/fr\/our-partners\/","og_site_name":"Lac Et Montagne Sports","article_publisher":"https:\/\/www.facebook.com\/lacetmontagnesportsardent\/","article_modified_time":"2022-09-26T11:12:04+00:00","og_image":[{"url":"http:\/\/dev.rollingpixel.com\/wp-content\/uploads\/2021\/10\/sculpteurs-480x504.png","type":"","width":"","height":""}],"twitter_card":"summary_large_image","twitter_misc":{"Dur\u00e9e de lecture estim\u00e9e":"1 minute"},"schema":{"@context":"https:\/\/schema.org","@graph":[{"@type":"WebPage","@id":"https:\/\/lacetmontagnesports.com\/our-partners\/","url":"https:\/\/lacetmontagnesports.com\/our-partners\/","name":"Our Partners - Lac Et Montagne Sports","isPartOf":{"@id":"https:\/\/lacetmontagnesports.com\/#website"},"primaryImageOfPage":{"@id":"https:\/\/lacetmontagnesports.com\/our-partners\/#primaryimage"},"image":{"@id":"https:\/\/lacetmontagnesports.com\/our-partners\/#primaryimage"},"thumbnailUrl":"http:\/\/dev.rollingpixel.com\/wp-content\/uploads\/2021\/10\/sculpteurs-480x504.png","datePublished":"2021-10-25T10:36:10+00:00","dateModified":"2022-09-26T11:12:04+00:00","breadcrumb":{"@id":"https:\/\/lacetmontagnesports.com\/our-partners\/#breadcrumb"},"inLanguage":"fr-FR","potentialAction":[{"@type":"ReadAction","target":["https:\/\/lacetmontagnesports.com\/our-partners\/"]}]},{"@type":"ImageObject","inLanguage":"fr-FR","@id":"https:\/\/lacetmontagnesports.com\/our-partners\/#primaryimage","url":"http:\/\/dev.rollingpixel.com\/wp-content\/uploads\/2021\/10\/sculpteurs-480x504.png","contentUrl":"http:\/\/dev.rollingpixel.com\/wp-content\/uploads\/2021\/10\/sculpteurs-480x504.png"},{"@type":"BreadcrumbList","@id":"https:\/\/lacetmontagnesports.com\/our-partners\/#breadcrumb","itemListElement":[{"@type":"ListItem","position":1,"name":"Home","item":"https:\/\/lacetmontagnesports.com\/"},{"@type":"ListItem","position":2,"name":"Our Partners"}]},{"@type":"WebSite","@id":"https:\/\/lacetmontagnesports.com\/#website","url":"https:\/\/lacetmontagnesports.com\/","name":"Lac Et Montagne Sports","description":"Location de ski Montriond - Avoriaz","publisher":{"@id":"https:\/\/lacetmontagnesports.com\/#organization"},"potentialAction":[{"@type":"SearchAction","target":{"@type":"EntryPoint","urlTemplate":"https:\/\/lacetmontagnesports.com\/?s={search_term_string}"},"query-input":{"@type":"PropertyValueSpecification","valueRequired":true,"valueName":"search_term_string"}}],"inLanguage":"fr-FR"},{"@type":"Organization","@id":"https:\/\/lacetmontagnesports.com\/#organization","name":"Lac Et Montagne Sports","url":"https:\/\/lacetmontagnesports.com\/","logo":{"@type":"ImageObject","inLanguage":"fr-FR","@id":"https:\/\/lacetmontagnesports.com\/#\/schema\/logo\/image\/","url":"https:\/\/lacetmontagnesports.com\/wp-content\/uploads\/2022\/09\/cropped-fav-logo.png","contentUrl":"https:\/\/lacetmontagnesports.com\/wp-content\/uploads\/2022\/09\/cropped-fav-logo.png","width":512,"height":512,"caption":"Lac Et Montagne Sports"},"image":{"@id":"https:\/\/lacetmontagnesports.com\/#\/schema\/logo\/image\/"},"sameAs":["https:\/\/www.facebook.com\/lacetmontagnesportsardent\/","https:\/\/www.instagram.com\/lac_et_montagne_sports\/"]}]}},"_links":{"self":[{"href":"https:\/\/lacetmontagnesports.com\/fr\/wp-json\/wp\/v2\/pages\/700","targetHints":{"allow":["GET"]}}],"collection":[{"href":"https:\/\/lacetmontagnesports.com\/fr\/wp-json\/wp\/v2\/pages"}],"about":[{"href":"https:\/\/lacetmontagnesports.com\/fr\/wp-json\/wp\/v2\/types\/page"}],"author":[{"embeddable":true,"href":"https:\/\/lacetmontagnesports.com\/fr\/wp-json\/wp\/v2\/users\/1"}],"replies":[{"embeddable":true,"href":"https:\/\/lacetmontagnesports.com\/fr\/wp-json\/wp\/v2\/comments?post=700"}],"version-history":[{"count":40,"href":"https:\/\/lacetmontagnesports.com\/fr\/wp-json\/wp\/v2\/pages\/700\/revisions"}],"predecessor-version":[{"id":10513,"href":"https:\/\/lacetmontagnesports.com\/fr\/wp-json\/wp\/v2\/pages\/700\/revisions\/10513"}],"wp:attachment":[{"href":"https:\/\/lacetmontagnesports.com\/fr\/wp-json\/wp\/v2\/media?parent=700"}],"curies":[{"name":"wp","href":"https:\/\/api.w.org\/{rel}","templated":true}]}}